{"id":13,"date":"2023-07-06T10:57:39","date_gmt":"2023-07-06T08:57:39","guid":{"rendered":"http:\/\/atelieramarillo.com\/?page_id=13"},"modified":"2025-07-15T10:58:43","modified_gmt":"2025-07-15T08:58:43","slug":"a-propos-de","status":"publish","type":"page","link":"https:\/\/atelieramarillo.com\/index.php\/a-propos-de\/","title":{"rendered":"Qui sommes-nous ?"},"content":{"rendered":"\n<div class=\"wp-block-media-text alignwide is-stacked-on-mobile\" style=\"grid-template-columns:22% auto\"><figure class=\"wp-block-media-text__media\"><img loading=\"lazy\" decoding=\"async\" width=\"543\" height=\"596\" src=\"http:\/\/atelieramarillo.com\/wp-content\/uploads\/2023\/07\/avatar-julie-blaquie-2019.jpg\" alt=\"julie blaqui\u00e9 illustratrice, BD, carnet de voyage, fusain, portrait, corps, croquis, sketching, paysage, aquarelle, comicstrip, cours de dessin, atelier dessin, sud gironde, langon\" class=\"wp-image-57 size-full\" srcset=\"https:\/\/atelieramarillo.com\/wp-content\/uploads\/2023\/07\/avatar-julie-blaquie-2019.jpg 543w, https:\/\/atelieramarillo.com\/wp-content\/uploads\/2023\/07\/avatar-julie-blaquie-2019-273x300.jpg 273w\" sizes=\"auto, (max-width: 543px) 100vw, 543px\" \/><\/figure><div class=\"wp-block-media-text__content\">\n<p>Julie Blaqui\u00e9 est une dessinatrice franco-britannique. Dipl\u00f4m\u00e9e en Arts Plastiques et Arts Appliqu\u00e9s \u00e0 l&#8217;universit\u00e9 de Talence, elle travaille d&#8217;abord comme infographiste dans le web, puis \u00e0 l&#8217;issue d&#8217;un voyage autour du monde d&#8217;un an, elle se lance comme illustratrice tout terrain.<br>Ses ateliers mettent l&#8217;accent sur <strong>le plaisir de dessiner et&nbsp;le l\u00e2cher-prise<\/strong>. Petits et grands peuvent d\u00e9couvrir de nombreuses techniques, r\u00e9f\u00e9rences artistiques et mani\u00e8res de s&#8217;exprimer. Julie est persuad\u00e9e que le dessin s&#8217;apprend et se vit \u00e0 n&#8217;importe quel \u00e2ge ! <br>Site internet : <a href=\"http:\/\/www.julieblaquie.com\/\">http:\/\/www.julieblaquie.com\/<\/a><\/p>\n\n\n\n<p><\/p>\n<\/div><\/div>\n\n\n\n<div class=\"wp-block-media-text alignwide is-stacked-on-mobile\" style=\"grid-template-columns:22% auto\"><figure class=\"wp-block-media-text__media\"><img loading=\"lazy\" decoding=\"async\" width=\"858\" height=\"1024\" src=\"http:\/\/atelieramarillo.com\/wp-content\/uploads\/2024\/06\/anna-ducos-peintre-langon-858x1024.jpg\" alt=\"peinture, peinture \u00e0 l'huile, peinture acrylique, langon, langon ma ville, bommes, sud gironde\" class=\"wp-image-185 size-full\" srcset=\"https:\/\/atelieramarillo.com\/wp-content\/uploads\/2024\/06\/anna-ducos-peintre-langon-858x1024.jpg 858w, https:\/\/atelieramarillo.com\/wp-content\/uploads\/2024\/06\/anna-ducos-peintre-langon-251x300.jpg 251w, https:\/\/atelieramarillo.com\/wp-content\/uploads\/2024\/06\/anna-ducos-peintre-langon-768x917.jpg 768w, https:\/\/atelieramarillo.com\/wp-content\/uploads\/2024\/06\/anna-ducos-peintre-langon-1200x1432.jpg 1200w, https:\/\/atelieramarillo.com\/wp-content\/uploads\/2024\/06\/anna-ducos-peintre-langon.jpg 1281w\" sizes=\"auto, (max-width: 858px) 100vw, 858px\" \/><\/figure><div class=\"wp-block-media-text__content\">\n<p>Anna Ducos est une illustratrice et peintre am\u00e9ricaine, habitant \u00e0 Bommes. Son univers f\u00e9\u00e9rique et surr\u00e9aliste habite ses tableaux ex\u00e9cut\u00e9s \u00e0 la peinture \u00e0 l\u2019huile. Elle a fait ses \u00e9tudes de peinture \u00e0 l\u2019Institut Emily Carr et est diplom\u00e9e en illustration et communication graphique de l\u2019Universit\u00e9 de Capilano, \u00e0 Vancouver, au Canada. Elle a travaill\u00e9 pour des clients tels que Chronicle Books, Atlantic Books, Minted et Nature\u2019s Path et a eu ses peintures expos\u00e9es \u00e0 Los Angeles, Seattle, et Vancouver. Elle donne aussi des cours dans son propre atelier d\u2019arts plastiques \u00e0 Bommes.<br>Site internet : <a href=\"https:\/\/www.instagram.com\/ducos.art\">https:\/\/www.instagram.com\/ducos.art<\/a><\/p>\n\n\n\n<p><\/p>\n<\/div><\/div>\n\n\n\n<div class=\"wp-block-media-text alignwide is-stacked-on-mobile\" style=\"grid-template-columns:22% auto\"><figure class=\"wp-block-media-text__media\"><img loading=\"lazy\" decoding=\"async\" width=\"768\" height=\"1024\" src=\"https:\/\/atelieramarillo.com\/wp-content\/uploads\/2025\/07\/Florence-Schrobiltgen-SumiE-Gironde-stages-Encre-de-Chine-1-768x1024.jpg\" alt=\"\" class=\"wp-image-416 size-full\" srcset=\"https:\/\/atelieramarillo.com\/wp-content\/uploads\/2025\/07\/Florence-Schrobiltgen-SumiE-Gironde-stages-Encre-de-Chine-1-768x1024.jpg 768w, https:\/\/atelieramarillo.com\/wp-content\/uploads\/2025\/07\/Florence-Schrobiltgen-SumiE-Gironde-stages-Encre-de-Chine-1-225x300.jpg 225w, https:\/\/atelieramarillo.com\/wp-content\/uploads\/2025\/07\/Florence-Schrobiltgen-SumiE-Gironde-stages-Encre-de-Chine-1-1152x1536.jpg 1152w, https:\/\/atelieramarillo.com\/wp-content\/uploads\/2025\/07\/Florence-Schrobiltgen-SumiE-Gironde-stages-Encre-de-Chine-1-1200x1601.jpg 1200w, https:\/\/atelieramarillo.com\/wp-content\/uploads\/2025\/07\/Florence-Schrobiltgen-SumiE-Gironde-stages-Encre-de-Chine-1.jpg 1300w\" sizes=\"auto, (max-width: 768px) 100vw, 768px\" \/><\/figure><div class=\"wp-block-media-text__content\">\n<p>Florence Schrobiltgen est plasticienne et peintre franco-belge. Dipl\u00f4m\u00e9e en design de mode textile \u00e0 ESAA, Paris. Form\u00e9e \u00e0 l&#8217;Acad\u00e9mie de Peinture Orientale de Paris par le Ma\u00eetre Cor\u00e9en, Ung No Lee. Elle a collabor\u00e9 pendant plus de 20 ans dans le monde de la mode pour des cr\u00e9ateurs et la haute-couture. <br>Depuis son arriv\u00e9e dans le sud-ouest, elle a enseign\u00e9 le dessin et la cr\u00e9ation textile dans une \u00e9cole de stylisme, l&#8217;IBSM \u00e0 Bordeaux. Elle veut faire partager sa passion pour l&#8217;art pictural extr\u00eame-oriental, la peinture \u00e0 l&#8217;encre de Chine. On y d\u00e9couvre, la tenue du pinceau, la vie du blanc sur le papier et la repr\u00e9sentation po\u00e9tique de la nature. Elle transmet cette belle technique appel\u00e9 &#8220;sumi-e&#8221;.<br>Avec son exp\u00e9rience en design textile, Florence proposera des stages cr\u00e9atifs autour des diff\u00e9rentes impressions artisanales pendant les vacances.<\/p>\n\n\n\n<p><a href=\"https:\/\/www.facebook.com\/people\/Florence-Schrobiltgen\/100014732387899\/?paipv=0&amp;eav=AfZFAWsshZNTNTNKOXjMjVF60mFJ99JOyJvet0eyelPqAScxKahcB_UN_jFs6Pg3vts&amp;_rdr\">&gt; Fb : Florence Schrobiltgen<\/a> <\/p>\n\n\n\n<p><\/p>\n<\/div><\/div>\n\n\n\n<div class=\"wp-block-media-text alignwide is-stacked-on-mobile\" style=\"grid-template-columns:22% auto\"><figure class=\"wp-block-media-text__media\"><img loading=\"lazy\" decoding=\"async\" width=\"300\" height=\"300\" src=\"http:\/\/atelieramarillo.com\/wp-content\/uploads\/2024\/06\/atelier-cinema-d-animation-alice-viry.jpg\" alt=\"peinture narrative, illustration anim\u00e9e, image anim\u00e9e, cin\u00e9ma, mondes fantastiques, cin\u00e9ma exp\u00e9rimental, grotesque, expressionnisme, peinture, ENSBA Lyon, cin\u00e9ma d\u2019animation ,ISCID de Montauban, Langon, Gironde, sud gironde, bordeaux\" class=\"wp-image-188 size-full\" srcset=\"https:\/\/atelieramarillo.com\/wp-content\/uploads\/2024\/06\/atelier-cinema-d-animation-alice-viry.jpg 300w, https:\/\/atelieramarillo.com\/wp-content\/uploads\/2024\/06\/atelier-cinema-d-animation-alice-viry-150x150.jpg 150w\" sizes=\"auto, (max-width: 300px) 100vw, 300px\" \/><\/figure><div class=\"wp-block-media-text__content\">\n<p>Alice Viry r\u00e9alise principalement des peintures narratives et des illustrations inspir\u00e9es du cin\u00e9ma et de mondes fantastiques. Avec une pr\u00e9dilection pour le cin\u00e9ma exp\u00e9rimental, le grotesque et l\u2019expressionnisme, elle emploie la peinture et le cin\u00e9ma d\u2019animation pour interroger nos angoisses.<br>N\u00e9e en 1993 \u00e0 Kourou en Guyanne, elle est dipl\u00f4m\u00e9e de l\u2019ENSBA Lyon et de l\u2019option cin\u00e9ma d\u2019animation de l\u2019ISCID de Montauban. Elle vit et travaille d\u00e9sormais \u00e0 Langon en Gironde.<\/p>\n\n\n\n<p>Site internet : <a href=\"https:\/\/www.aliceviry.com\">https:\/\/www.aliceviry.com<\/a><\/p>\n<\/div><\/div>\n\n\n\n<div class=\"wp-block-media-text alignwide is-stacked-on-mobile\" style=\"grid-template-columns:22% auto\"><figure class=\"wp-block-media-text__media\"><img loading=\"lazy\" decoding=\"async\" width=\"720\" height=\"900\" src=\"http:\/\/atelieramarillo.com\/wp-content\/uploads\/2025\/06\/photoprofilbio01.jpg\" alt=\"\" class=\"wp-image-378 size-full\" srcset=\"https:\/\/atelieramarillo.com\/wp-content\/uploads\/2025\/06\/photoprofilbio01.jpg 720w, https:\/\/atelieramarillo.com\/wp-content\/uploads\/2025\/06\/photoprofilbio01-240x300.jpg 240w\" sizes=\"auto, (max-width: 720px) 100vw, 720px\" \/><\/figure><div class=\"wp-block-media-text__content\">\n<p>Marie Goulard est une artiste plasticenne; dipl\u00f4m\u00e9e en Arts Appliqu\u00e9s. Elle expose actuellement ses cr\u00e9ations en microcollage de papier au Canada. Marie propose des ateliers artistiques et cr\u00e9atifs autour de techniques mixtes pour les enfants et les adultes.<br><br>&gt; Instagram : <a href=\"https:\/\/www.instagram.com\/mc_yai\/?hl=fr\">https:\/\/www.instagram.com\/mc_yai<\/a><\/p>\n<\/div><\/div>\n\n\n\n<h5 class=\"wp-block-heading\">Le Centre Culturel des Carmes<\/h5>\n\n\n\n<p>Poumon culturel de la ville de Langon (33), le centre des Carmes offre une large gamme de choix artistiques et culturels. Arts plastiques, musique, spectacles de th\u00e8\u00e2tre, musique, danse et une salle d&#8217;exposition.<br><br>Les ateliers d&#8217;arts plastiques sont anim\u00e9s par les intervenantes de l&#8217;Atelier Amarillo : <span style=\"font-size:11.0pt;font-family:&quot;Calibri&quot;,sans-serif;\nmso-fareast-font-family:Calibri;mso-fareast-theme-font:minor-latin;mso-ansi-language:\nFR;mso-fareast-language:EN-US;mso-bidi-language:AR-SA\">Anna Ducos, peintre, Julie Blaqui\u00e9, illustration-BD-carnet de voyage, Florence Schrobiltgen, plasticienne (design textile) et peintre Sumi-e (encre de Chine), Alice Viry, cin\u00e9ma d\u2019animation et Marie Goulard, artiste plasticienne.<\/span><\/p>\n\n\n\n<h2 class=\"wp-block-heading has-large-font-size\">La Maison de Bieujac<\/h2>\n\n\n\n<p>La Maison, caf\u00e9 social et culturel, situ\u00e9e \u00e0 Bieujac, a \u00e9t\u00e9 la premi\u00e8re \u00e0 accueillir les ateliers d&#8217;Amarillo en 2023-2024.<br>G\u00e9r\u00e9e par l&#8217;association Encore des Tiroirs Cach\u00e9s depuis 2015 gr\u00e2ce au soutien de la municipalit\u00e9 qui met le local de 200 M2 \u00e0 disposition. L&#8217;adage de ce projet est &#8220;On est plus fort \u00e0 plusieurs !&#8221;.<br>Adresse : 99 rue Jean Grassette , Bieujac, France<br>Situ\u00e9e \u00e0 12 mn de Langon<\/p>\n","protected":false},"excerpt":{"rendered":"<p>Julie Blaqui\u00e9 est une dessinatrice franco-britannique. Dipl\u00f4m\u00e9e en Arts Plastiques et Arts Appliqu\u00e9s \u00e0 l&#8217;universit\u00e9 de Talence, elle travaille d&#8217;abord comme infographiste dans le web, puis \u00e0 l&#8217;issue d&#8217;un voyage autour du monde d&#8217;un an, elle se lance comme illustratrice tout terrain.Ses ateliers mettent l&#8217;accent sur le plaisir de dessiner et&nbsp;le l\u00e2cher-prise. Petits et grands [&hellip;]<\/p>\n","protected":false},"author":1,"featured_media":0,"parent":0,"menu_order":0,"comment_status":"closed","ping_status":"closed","template":"","meta":{"footnotes":""},"class_list":["post-13","page","type-page","status-publish","hentry"],"_links":{"self":[{"href":"https:\/\/atelieramarillo.com\/index.php\/wp-json\/wp\/v2\/pages\/13","targetHints":{"allow":["GET"]}}],"collection":[{"href":"https:\/\/atelieramarillo.com\/index.php\/wp-json\/wp\/v2\/pages"}],"about":[{"href":"https:\/\/atelieramarillo.com\/index.php\/wp-json\/wp\/v2\/types\/page"}],"author":[{"embeddable":true,"href":"https:\/\/atelieramarillo.com\/index.php\/wp-json\/wp\/v2\/users\/1"}],"replies":[{"embeddable":true,"href":"https:\/\/atelieramarillo.com\/index.php\/wp-json\/wp\/v2\/comments?post=13"}],"version-history":[{"count":28,"href":"https:\/\/atelieramarillo.com\/index.php\/wp-json\/wp\/v2\/pages\/13\/revisions"}],"predecessor-version":[{"id":417,"href":"https:\/\/atelieramarillo.com\/index.php\/wp-json\/wp\/v2\/pages\/13\/revisions\/417"}],"wp:attachment":[{"href":"https:\/\/atelieramarillo.com\/index.php\/wp-json\/wp\/v2\/media?parent=13"}],"curies":[{"name":"wp","href":"https:\/\/api.w.org\/{rel}","templated":true}]}}