{"id":297,"date":"2025-02-24T21:34:12","date_gmt":"2025-02-24T20:34:12","guid":{"rendered":"https:\/\/atelieramarillo.com\/?page_id=297"},"modified":"2026-04-09T15:26:01","modified_gmt":"2026-04-09T13:26:01","slug":"les-dimanches-du-sumi-e","status":"publish","type":"page","link":"https:\/\/atelieramarillo.com\/index.php\/les-dimanches-du-sumi-e\/","title":{"rendered":"Les dimanches du Sumi-e"},"content":{"rendered":"\n<p>Un dimanche par mois, en Sud Gironde, Florence Schrobiltgen propose une journ\u00e9e d&#8217;Encre de Chine. Form\u00e9e \u00e0 l\u2019Acad\u00e9mie de Peinture Orientale de Paris par le Ma\u00eetre Cor\u00e9en, Ung No Lee, Florence transmet sa passion. Le sumi-e, une alliance entre le zen et l&#8217;encre pos\u00e9e sur le papier.<br><br><em>S&#8217;offrir un moment de peinture en conscience et en harmonie avec la nature.<\/em><\/p>\n\n\n\n<h3 class=\"wp-block-heading has-text-align-center\">Dimanche 19 avril<br>&#8220;La glycine&#8221;<\/h3>\n\n\n\n<figure class=\"wp-block-image size-large\"><img loading=\"lazy\" decoding=\"async\" width=\"724\" height=\"1024\" src=\"https:\/\/atelieramarillo.com\/wp-content\/uploads\/2026\/03\/atelier-encre-de-chine-gironde-amarillo-web3-724x1024.jpg\" alt=\"atelier encre de chine, gironde, art, d\u00e9tente, zen, sumie\" class=\"wp-image-548\" srcset=\"https:\/\/atelieramarillo.com\/wp-content\/uploads\/2026\/03\/atelier-encre-de-chine-gironde-amarillo-web3-724x1024.jpg 724w, https:\/\/atelieramarillo.com\/wp-content\/uploads\/2026\/03\/atelier-encre-de-chine-gironde-amarillo-web3-212x300.jpg 212w, https:\/\/atelieramarillo.com\/wp-content\/uploads\/2026\/03\/atelier-encre-de-chine-gironde-amarillo-web3-768x1086.jpg 768w, https:\/\/atelieramarillo.com\/wp-content\/uploads\/2026\/03\/atelier-encre-de-chine-gironde-amarillo-web3.jpg 827w\" sizes=\"auto, (max-width: 724px) 100vw, 724px\" \/><\/figure>\n\n\n\n<p class=\"has-text-align-center\"><strong>10h30 &#8211; 16h30<br>la journ\u00e9e de peinture 70 \u20ac<br>Contact : 06 82 29 64 54<\/strong><br>Pr\u00e9voir un picnic<\/p>\n\n\n\n<hr class=\"wp-block-separator has-alpha-channel-opacity\"\/>\n\n\n\n<h2 class=\"wp-block-heading has-text-align-center\">Ateliers pass\u00e9s<\/h2>\n\n\n\n<h3 class=\"wp-block-heading has-text-align-center\">Dimance 22 mars<br>&#8220;L&#8217;ajonc&#8221;<\/h3>\n\n\n\n<figure class=\"wp-block-image size-large\"><img loading=\"lazy\" decoding=\"async\" width=\"724\" height=\"1024\" src=\"https:\/\/atelieramarillo.com\/wp-content\/uploads\/2026\/03\/atelier-encre-de-chine-gironde-amarillo-web1-724x1024.jpg\" alt=\"atelier encre de chine, gironde, art, d\u00e9tente, zen, sumie\" class=\"wp-image-547\" srcset=\"https:\/\/atelieramarillo.com\/wp-content\/uploads\/2026\/03\/atelier-encre-de-chine-gironde-amarillo-web1-724x1024.jpg 724w, https:\/\/atelieramarillo.com\/wp-content\/uploads\/2026\/03\/atelier-encre-de-chine-gironde-amarillo-web1-212x300.jpg 212w, https:\/\/atelieramarillo.com\/wp-content\/uploads\/2026\/03\/atelier-encre-de-chine-gironde-amarillo-web1-768x1086.jpg 768w, https:\/\/atelieramarillo.com\/wp-content\/uploads\/2026\/03\/atelier-encre-de-chine-gironde-amarillo-web1.jpg 827w\" sizes=\"auto, (max-width: 724px) 100vw, 724px\" \/><\/figure>\n\n\n\n<h4 class=\"wp-block-heading has-text-align-center\">Dimanche 25 janvier<br>&#8220;Les bambous sous la neige&#8221;<\/h4>\n\n\n\n<figure class=\"wp-block-image size-large\"><img loading=\"lazy\" decoding=\"async\" width=\"498\" height=\"1024\" src=\"http:\/\/atelieramarillo.com\/wp-content\/uploads\/2025\/08\/sumi-e-encre-de-chine-langon-gironde-france-bambou-neige-498x1024.jpg\" alt=\"\" class=\"wp-image-465\" srcset=\"https:\/\/atelieramarillo.com\/wp-content\/uploads\/2025\/08\/sumi-e-encre-de-chine-langon-gironde-france-bambou-neige-498x1024.jpg 498w, https:\/\/atelieramarillo.com\/wp-content\/uploads\/2025\/08\/sumi-e-encre-de-chine-langon-gironde-france-bambou-neige-146x300.jpg 146w, https:\/\/atelieramarillo.com\/wp-content\/uploads\/2025\/08\/sumi-e-encre-de-chine-langon-gironde-france-bambou-neige-768x1579.jpg 768w, https:\/\/atelieramarillo.com\/wp-content\/uploads\/2025\/08\/sumi-e-encre-de-chine-langon-gironde-france-bambou-neige-747x1536.jpg 747w, https:\/\/atelieramarillo.com\/wp-content\/uploads\/2025\/08\/sumi-e-encre-de-chine-langon-gironde-france-bambou-neige-996x2048.jpg 996w, https:\/\/atelieramarillo.com\/wp-content\/uploads\/2025\/08\/sumi-e-encre-de-chine-langon-gironde-france-bambou-neige-1200x2467.jpg 1200w, https:\/\/atelieramarillo.com\/wp-content\/uploads\/2025\/08\/sumi-e-encre-de-chine-langon-gironde-france-bambou-neige-scaled.jpg 1245w\" sizes=\"auto, (max-width: 498px) 100vw, 498px\" \/><\/figure>\n\n\n\n<p class=\"has-text-align-center\"><a href=\"https:\/\/www.facebook.com\/Florence.Schrobiltgen\">https:\/\/www.facebook.com\/Florence.Schrobiltgen<\/a><\/p>\n\n\n\n<p><\/p>\n","protected":false},"excerpt":{"rendered":"<p>Un dimanche par mois, en Sud Gironde, Florence Schrobiltgen propose une journ\u00e9e d&#8217;Encre de Chine. Form\u00e9e \u00e0 l\u2019Acad\u00e9mie de Peinture Orientale de Paris par le Ma\u00eetre Cor\u00e9en, Ung No Lee, Florence transmet sa passion. Le sumi-e, une alliance entre le zen et l&#8217;encre pos\u00e9e sur le papier. S&#8217;offrir un moment de peinture en conscience et [&hellip;]<\/p>\n","protected":false},"author":1,"featured_media":0,"parent":0,"menu_order":0,"comment_status":"closed","ping_status":"closed","template":"","meta":{"footnotes":""},"class_list":["post-297","page","type-page","status-publish","hentry"],"_links":{"self":[{"href":"https:\/\/atelieramarillo.com\/index.php\/wp-json\/wp\/v2\/pages\/297","targetHints":{"allow":["GET"]}}],"collection":[{"href":"https:\/\/atelieramarillo.com\/index.php\/wp-json\/wp\/v2\/pages"}],"about":[{"href":"https:\/\/atelieramarillo.com\/index.php\/wp-json\/wp\/v2\/types\/page"}],"author":[{"embeddable":true,"href":"https:\/\/atelieramarillo.com\/index.php\/wp-json\/wp\/v2\/users\/1"}],"replies":[{"embeddable":true,"href":"https:\/\/atelieramarillo.com\/index.php\/wp-json\/wp\/v2\/comments?post=297"}],"version-history":[{"count":26,"href":"https:\/\/atelieramarillo.com\/index.php\/wp-json\/wp\/v2\/pages\/297\/revisions"}],"predecessor-version":[{"id":562,"href":"https:\/\/atelieramarillo.com\/index.php\/wp-json\/wp\/v2\/pages\/297\/revisions\/562"}],"wp:attachment":[{"href":"https:\/\/atelieramarillo.com\/index.php\/wp-json\/wp\/v2\/media?parent=297"}],"curies":[{"name":"wp","href":"https:\/\/api.w.org\/{rel}","templated":true}]}}