{"id":79,"date":"2023-07-07T12:51:09","date_gmt":"2023-07-07T10:51:09","guid":{"rendered":"http:\/\/atelieramarillo.com\/?page_id=79"},"modified":"2025-09-30T18:02:52","modified_gmt":"2025-09-30T16:02:52","slug":"enfants","status":"publish","type":"page","link":"https:\/\/atelieramarillo.com\/index.php\/enfants\/","title":{"rendered":"Enfants"},"content":{"rendered":"\n<h4 class=\"wp-block-heading has-text-align-center\">Du 15 septembre 2025 au 21 juin 2026<\/h4>\n\n\n\n<p class=\"has-text-align-center\">Inscription possible toute l&#8217;ann\u00e9e<br>06 31 58 67 90 (Anna) ou 06 41 67 12 97 (Julie)<\/p>\n\n\n\n<figure class=\"wp-block-table\"><table><tbody><tr><td><\/td><td>MATIN<\/td><td>APRES-MIDI<\/td><td><\/td><\/tr><tr><td><strong>L<\/strong><br><strong>U<\/strong><br><strong>N<\/strong><br><strong>D<\/strong><br><strong>I  <\/strong><\/td><td><\/td><td>17h15 &#8211; 18h45 <br><strong>Arts Plastiques <\/strong><br>8 &#8211; 11 ans <em>avec Anna<\/em><\/td><td><\/td><\/tr><tr><td><strong>M<\/strong><br><strong>E<\/strong><br><strong>R<\/strong><br><strong>C<\/strong><br><strong>R<\/strong><br><strong>E<\/strong><br><strong>D<\/strong><br><strong>I<\/strong><\/td><td>10h30 &#8211; 12h00 <br><strong>Arts Plastiques<\/strong> <br>8 &#8211; 11 ans<br><em>avec Anna<\/em><br><br>10h30 &#8211; 12h00 <br><strong>Arts Plastiques<\/strong> <br>7 &#8211; 10 ans<br><em>avec Julie \u00e0 <\/em><br><em>Gironde-sur-Dropt<br><\/em><\/td><td>14h00- 15h30 <br><strong>Arts Plastiques<\/strong> <br>7 &#8211; 10 ans <br><em>avec Julie<\/em><br><br>16h &#8211; 17h30 <br><strong>Dessin et BD<\/strong> <br><strong>Coll\u00e9giens<\/strong><br>11 &#8211; 14 ans <br><em>avec Julie<\/em><br><\/td><td>14h00- 15h <br><strong>Arts Plastiques<\/strong> <br>5 &#8211; 7 ans <br><em>avec Florence<\/em><br><br>15h30 \u201317h00 <br><strong>Arts Plastiques<\/strong> <br>8 \u2013 12 ans<br><em>avec Florence<\/em><\/td><\/tr><tr><td><strong>J<\/strong><br><strong>E<\/strong><br><strong>U<\/strong><br><strong>D<\/strong><br><strong>I<\/strong><\/td><td><\/td><td>17h15 &#8211; 18h45 <br><strong>Arts Plastiques <\/strong><br>8 &#8211; 12 ans <em>avec Marie<\/em><\/td><td><\/td><\/tr><\/tbody><\/table><\/figure>\n\n\n\n<div class=\"wp-block-columns is-layout-flex wp-container-core-columns-is-layout-9d6595d7 wp-block-columns-is-layout-flex\">\n<div class=\"wp-block-column is-layout-flow wp-block-column-is-layout-flow\">\n<h5 class=\"wp-block-heading\">ARTS PLASTIQUES <\/h5>\n\n\n\n<h6 class=\"wp-block-heading\">avec Anna, Julie, Flo et marie<\/h6>\n\n\n\n<p>S\u2019initier aux techniques de dessin et de peinture : fusain, crayon, pastel, encre, peinture acrylique. Explorer l\u2019animal, l\u2019humain, le v\u00e9g\u00e9tal\u2026 Jouer avec l\u2019imaginaire. Inspiration dans l\u2019histoire de l\u2019art et l\u2019illustration jeunesse.<br><\/p>\n<\/div>\n<\/div>\n\n\n\n<div class=\"wp-block-columns is-layout-flex wp-container-core-columns-is-layout-9d6595d7 wp-block-columns-is-layout-flex\">\n<div class=\"wp-block-column is-layout-flow wp-block-column-is-layout-flow\">\n<h2 class=\"wp-block-heading has-large-font-size\">Dessin et BD coll\u00e9giens<\/h2>\n\n\n\n<h6 class=\"wp-block-heading\">11 &#8211; 14 ans, avec Julie<\/h6>\n\n\n\n<blockquote class=\"wp-block-quote is-layout-flow wp-block-quote-is-layout-flow\">\n<p>Travailler le dessin d&#8217;observation, le dessin de personnage, les ombres et les lumi\u00e8res. Initiation \u00e0 l&#8217;aquarelle et l&#8217;encre de couleur.<br>Exploration de l&#8217;univers de la BD : synopsis, sc\u00e9nario, storyboard, cr\u00e9ation de personnages, de d\u00e9cors, crayonn\u00e9, encrage, mise en couleur<br>R\u00e9alisation d&#8217;une BD collective<\/p>\n<\/blockquote>\n<\/div>\n\n\n\n<div class=\"wp-block-column is-layout-flow wp-block-column-is-layout-flow\">\n<h5 class=\"wp-block-heading\">IMAGE ANIM\u00c9E&nbsp;<\/h5>\n\n\n\n<h6 class=\"wp-block-heading\">\u00c0 partir de 14 ans, <br>avec Alice LES WEEK-ENDS (VOIR PAGE ADULTES)<\/h6>\n\n\n\n<p>\u00ab Conna\u00eetre toutes les \u00e9tapes de cr\u00e9ation d\u2019une s\u00e9quence anim\u00e9e : rythmes color\u00e9s, mise en sc\u00e8ne (story-board), cr\u00e9ation de personnages et de d\u00e9cors et enfin mise en mouvement n\u2019auront plus de secret pour les participants. \u00bb<\/p>\n<\/div>\n<\/div>\n\n\n\n<h5 class=\"wp-block-heading\"><\/h5>\n\n\n\n<h4 class=\"wp-block-heading\">Tarifs<\/h4>\n\n\n\n<div class=\"wp-block-columns is-layout-flex wp-container-core-columns-is-layout-9d6595d7 wp-block-columns-is-layout-flex\">\n<div class=\"wp-block-column is-layout-flow wp-block-column-is-layout-flow\">\n<p><strong>Enfants, atelier d\u20191h <\/strong>:<br><strong>\u00c0 l\u2019ann\u00e9e&nbsp;:<\/strong> 280 \u20ac<br><em>soit 8,75 \u20ac l\u2019heure<\/em><br><strong>Au trimestre&nbsp;:<\/strong><br>Trim. 1&nbsp;: 116 \u20ac<br>Trim. 2&nbsp;: 97 \u20ac<br>Trim. 3&nbsp;: 97 \u20ac<br><em>soit 9,75 \u20ac l\u2019heure<\/em><\/p>\n<\/div>\n\n\n\n<div class=\"wp-block-column is-layout-flow wp-block-column-is-layout-flow\">\n<p><strong>Enfants, atelier <\/strong><br><strong>d\u20191h30 :<\/strong><br><strong>\u00c0 l\u2019ann\u00e9e&nbsp;:<\/strong> 336 \u20ac<br><em>soit 10,50 \u20ac la s\u00e9ance<\/em><br><strong>Au trimestre&nbsp;:<\/strong><br>Trim. 1&nbsp;: 138 \u20ac (12 s\u00e9ances)<br>Trim. 2&nbsp;: 115 \u20ac (10 s\u00e9ances)<br>Trim. 3&nbsp;: 115 \u20ac (10 s\u00e9ances<br><em>soit 11,50 \u20ac la s\u00e9ance<\/em><\/p>\n<\/div>\n\n\n\n<div class=\"wp-block-column is-layout-flow wp-block-column-is-layout-flow\">\n<p><strong>Coll\u00e9giens, atelier dessin-BD d\u20191h30 :<\/strong><br><strong>\u00c0 l\u2019ann\u00e9e&nbsp;:<\/strong> 384 \u20ac<br><em>soit 12 \u20ac la s\u00e9ance<\/em><br><strong>Au trimestre&nbsp;:<\/strong><br>Trim. 1&nbsp;: 162 \u20ac (12 s\u00e9ances)<br>Trim. 2&nbsp;: 135 \u20ac (10 s\u00e9ances)<br>Trim. 3&nbsp;: 135 \u20ac (10 s\u00e9ances<br><em>soit 13,50 \u20ac la s\u00e9ance<\/em><\/p>\n<\/div>\n<\/div>\n\n\n\n<div class=\"wp-block-columns is-layout-flex wp-container-core-columns-is-layout-9d6595d7 wp-block-columns-is-layout-flex\">\n<div class=\"wp-block-column is-layout-flow wp-block-column-is-layout-flow\">\n<p><\/p>\n<\/div>\n\n\n\n<div class=\"wp-block-column is-layout-flow wp-block-column-is-layout-flow\">\n<p><\/p>\n<\/div>\n<\/div>\n\n\n\n<p><strong>Adh\u00e9sion \u00e0 l&#8217;association : <\/strong> 20\u20ac \u00e0 l&#8217;ordre de l\u2019Atelier Amarillo<\/p>\n\n\n\n<p><em>Le mat\u00e9riel Arts Plastiques est fourni.<br>Pour l&#8217;atelier BD coll\u00e9giens et l&#8217;atelier ados 15-18 ans, il est demand\u00e9 d&#8217;investir dans un carnet de dessin A3, papier lisse, environ 200g<\/em><\/p>\n\n\n\n<p><em>Les cours ne sont pas remboursables. Une s\u00e9ance manqu\u00e9e peut demander \u00e0 \u00eatre rattrap\u00e9e, \u00e0 titre exceptionnel, sur un autre cr\u00e9neau sous r\u00e9serve de places disponibles.<\/em><\/p>\n\n\n\n<p><em>Possibilit\u00e9 d&#8217;\u00e9chelonner le paiement par encaissement diff\u00e9r\u00e9, dans la limite de 3 fois, avec remise de la totalit\u00e9 des ch\u00e8ques \u00e0 l&#8217;inscription.<\/em><\/p>\n\n\n\n<figure class=\"wp-block-gallery has-nested-images columns-default is-cropped wp-block-gallery-1 is-layout-flex wp-block-gallery-is-layout-flex\">\n<figure class=\"wp-block-image size-large\"><img loading=\"lazy\" decoding=\"async\" width=\"1024\" height=\"819\" data-id=\"47\" src=\"http:\/\/atelieramarillo.com\/wp-content\/uploads\/2023\/07\/atelier-enfants-maison-bieujac-1024x819.jpg\" alt=\"atelier arts plastiques enfants, gironde, sud gironde, langon, la r\u00e9ole, stage arts plastiques, dessin, peinture, encre de Chine, modelage\" class=\"wp-image-47\" srcset=\"https:\/\/atelieramarillo.com\/wp-content\/uploads\/2023\/07\/atelier-enfants-maison-bieujac-1024x819.jpg 1024w, https:\/\/atelieramarillo.com\/wp-content\/uploads\/2023\/07\/atelier-enfants-maison-bieujac-300x240.jpg 300w, https:\/\/atelieramarillo.com\/wp-content\/uploads\/2023\/07\/atelier-enfants-maison-bieujac-768x615.jpg 768w, https:\/\/atelieramarillo.com\/wp-content\/uploads\/2023\/07\/atelier-enfants-maison-bieujac.jpg 1181w\" sizes=\"auto, (max-width: 1024px) 100vw, 1024px\" \/><figcaption class=\"wp-element-caption\">atelier enfants 7 &#8211; 10 ans <\/figcaption><\/figure>\n\n\n\n<figure class=\"wp-block-image size-large\"><img loading=\"lazy\" decoding=\"async\" width=\"707\" height=\"930\" data-id=\"49\" src=\"http:\/\/atelieramarillo.com\/wp-content\/uploads\/2023\/07\/atelier-ados-maison-bieujac.jpg\" alt=\"atelier arts plastiques enfants, gironde, sud gironde, langon, la r\u00e9ole, stage arts plastiques, dessin, peinture, encre de Chine, modelage, BD, coll\u00e9giens\" class=\"wp-image-49\" srcset=\"https:\/\/atelieramarillo.com\/wp-content\/uploads\/2023\/07\/atelier-ados-maison-bieujac.jpg 707w, https:\/\/atelieramarillo.com\/wp-content\/uploads\/2023\/07\/atelier-ados-maison-bieujac-228x300.jpg 228w\" sizes=\"auto, (max-width: 707px) 100vw, 707px\" \/><figcaption class=\"wp-element-caption\">atelier ados<\/figcaption><\/figure>\n\n\n\n<figure class=\"wp-block-image size-large\"><img loading=\"lazy\" decoding=\"async\" width=\"567\" height=\"756\" data-id=\"88\" src=\"http:\/\/atelieramarillo.com\/wp-content\/uploads\/2023\/07\/atelier-dessin-domaine-de-certes-jblaquie-3.png\" alt=\"atelier arts plastiques enfants, gironde, sud gironde, langon, la r\u00e9ole, stage arts plastiques, dessin, peinture, encre de Chine, modelage, BD, coll\u00e9giens\" class=\"wp-image-88\" srcset=\"https:\/\/atelieramarillo.com\/wp-content\/uploads\/2023\/07\/atelier-dessin-domaine-de-certes-jblaquie-3.png 567w, https:\/\/atelieramarillo.com\/wp-content\/uploads\/2023\/07\/atelier-dessin-domaine-de-certes-jblaquie-3-225x300.png 225w\" sizes=\"auto, (max-width: 567px) 100vw, 567px\" \/><figcaption class=\"wp-element-caption\">atelier naturaliste dessin et aquarelle<\/figcaption><\/figure>\n<\/figure>\n\n\n\n<figure class=\"wp-block-image size-full\"><img loading=\"lazy\" decoding=\"async\" width=\"782\" height=\"877\" src=\"http:\/\/atelieramarillo.com\/wp-content\/uploads\/2024\/06\/atelier-amarillo-langon-artsplastiques-1.jpg\" alt=\"atelier arts plastiques enfants, gironde, sud gironde, langon, la r\u00e9ole, stage arts plastiques, dessin, peinture, encre de Chine, modelage, BD, coll\u00e9giens\" class=\"wp-image-252\" srcset=\"https:\/\/atelieramarillo.com\/wp-content\/uploads\/2024\/06\/atelier-amarillo-langon-artsplastiques-1.jpg 782w, https:\/\/atelieramarillo.com\/wp-content\/uploads\/2024\/06\/atelier-amarillo-langon-artsplastiques-1-268x300.jpg 268w, https:\/\/atelieramarillo.com\/wp-content\/uploads\/2024\/06\/atelier-amarillo-langon-artsplastiques-1-768x861.jpg 768w\" sizes=\"auto, (max-width: 782px) 100vw, 782px\" \/><\/figure>\n","protected":false},"excerpt":{"rendered":"<p>Du 15 septembre 2025 au 21 juin 2026 Inscription possible toute l&#8217;ann\u00e9e06 31 58 67 90 (Anna) ou 06 41 67 12 97 (Julie) MATIN APRES-MIDI LUNDI 17h15 &#8211; 18h45 Arts Plastiques 8 &#8211; 11 ans avec Anna MERCREDI 10h30 &#8211; 12h00 Arts Plastiques 8 &#8211; 11 ansavec Anna 10h30 &#8211; 12h00 Arts Plastiques 7 [&hellip;]<\/p>\n","protected":false},"author":1,"featured_media":0,"parent":0,"menu_order":0,"comment_status":"closed","ping_status":"closed","template":"","meta":{"footnotes":""},"class_list":["post-79","page","type-page","status-publish","hentry"],"_links":{"self":[{"href":"https:\/\/atelieramarillo.com\/index.php\/wp-json\/wp\/v2\/pages\/79","targetHints":{"allow":["GET"]}}],"collection":[{"href":"https:\/\/atelieramarillo.com\/index.php\/wp-json\/wp\/v2\/pages"}],"about":[{"href":"https:\/\/atelieramarillo.com\/index.php\/wp-json\/wp\/v2\/types\/page"}],"author":[{"embeddable":true,"href":"https:\/\/atelieramarillo.com\/index.php\/wp-json\/wp\/v2\/users\/1"}],"replies":[{"embeddable":true,"href":"https:\/\/atelieramarillo.com\/index.php\/wp-json\/wp\/v2\/comments?post=79"}],"version-history":[{"count":50,"href":"https:\/\/atelieramarillo.com\/index.php\/wp-json\/wp\/v2\/pages\/79\/revisions"}],"predecessor-version":[{"id":471,"href":"https:\/\/atelieramarillo.com\/index.php\/wp-json\/wp\/v2\/pages\/79\/revisions\/471"}],"wp:attachment":[{"href":"https:\/\/atelieramarillo.com\/index.php\/wp-json\/wp\/v2\/media?parent=79"}],"curies":[{"name":"wp","href":"https:\/\/api.w.org\/{rel}","templated":true}]}}